{"id":17397,"date":"2024-05-31T11:18:22","date_gmt":"2024-05-31T08:18:22","guid":{"rendered":"https:\/\/megapolhospital.com.tr\/de\/?page_id=17397"},"modified":"2024-10-28T17:22:18","modified_gmt":"2024-10-28T14:22:18","slug":"gehirn-und-nervenchirurgie","status":"publish","type":"page","link":"https:\/\/megapolhospital.com.tr\/de\/medizinische-einheiten\/gehirn-und-nervenchirurgie\/","title":{"rendered":"Gehirn und Nervenchirurgie"},"content":{"rendered":"<div data-elementor-type=\"wp-page\" data-elementor-id=\"17397\" class=\"elementor elementor-17397\" data-elementor-post-type=\"page\">\n\t\t\t\t\t\t<section class=\"lqd-css-sticky elementor-section elementor-top-section elementor-element elementor-element-9128c16 elementor-section-boxed elementor-section-height-default elementor-section-height-default wpr-particle-no wpr-jarallax-no wpr-parallax-no\" style=\"top: auto; top: -20px;\" data-id=\"9128c16\" data-element_type=\"section\" data-settings=\"{&quot;background_background&quot;:&quot;gradient&quot;}\">\n\t\t\t\t\t\t<div class=\"elementor-container elementor-column-gap-default\">\n\t\t\t\t\t<div class=\"elementor-column elementor-col-50 elementor-top-column elementor-element elementor-element-5d8de69\" data-id=\"5d8de69\" data-element_type=\"column\">\n\t\t\t<div class=\"elementor-widget-wrap elementor-element-populated\">\n\t\t\t\t\t\t<div class=\"elementor-element elementor-element-ad9ab81 elementor-widget elementor-widget-spacer\" data-id=\"ad9ab81\" data-element_type=\"widget\" data-widget_type=\"spacer.default\">\n\t\t\t\t<div class=\"elementor-widget-container\">\n\t\t\t\t\t\t\t<div class=\"elementor-spacer\">\n\t\t\t<div class=\"elementor-spacer-inner\"><\/div>\n\t\t<\/div>\n\t\t\t\t\t\t<\/div>\n\t\t\t\t<\/div>\n\t\t\t\t<div class=\"elementor-element elementor-element-ed25d05 elementor-widget__width-auto elementor-widget-mobile__width-inherit elementor-widget elementor-widget-heading\" data-id=\"ed25d05\" data-element_type=\"widget\" data-widget_type=\"heading.default\">\n\t\t\t\t<div class=\"elementor-widget-container\">\n\t\t\t\t\t<div class=\"elementor-heading-title elementor-size-default\"><div class=\"aioseo-breadcrumbs\"><span class=\"aioseo-breadcrumb\">\n\tStartseite\n<\/span><\/div><\/div>\t\t\t\t<\/div>\n\t\t\t\t<\/div>\n\t\t\t\t\t<\/div>\n\t\t<\/div>\n\t\t\t\t<div class=\"elementor-column elementor-col-50 elementor-top-column elementor-element elementor-element-e9364ad\" data-id=\"e9364ad\" data-element_type=\"column\">\n\t\t\t<div class=\"elementor-widget-wrap elementor-element-populated\">\n\t\t\t\t\t\t<div class=\"elementor-element elementor-element-a416da6 elementor-widget__width-auto elementor-widget elementor-widget-ld_button\" data-id=\"a416da6\" data-element_type=\"widget\" data-widget_type=\"ld_button.default\">\n\t\t\t\t<div class=\"elementor-widget-container\">\n\t\t\t\t\t\n\t\t\t<a\n\t\t\t\thref=\"#bolum-icerigi\"class=\"elementor-button btn btn-solid btn-hover-txt-liquid-x btn-icon-block btn-icon-top btn-has-label\"\t\t\t>\n\t\t\t\t\t\t\t\t\t<span data-text=\"INHALT DES ABSCHNITTS \" class=\"btn-txt\" data-transition-delay=\"true\" data-delay-options=\"{&quot;elements&quot;: &quot;.lqd-chars&quot;, &quot;delayType&quot;: &quot;animation&quot;, &quot;startDelay&quot;: 0, &quot;delayBetween&quot;: 32.5}\" data-split-text=\"true\" data-split-options=\"{&quot;type&quot;: &quot;chars, words&quot;}\">\n\t\t\t\t\t\tINHALT DES ABSCHNITTS \t\t\t\t\t<\/span>\n\t\t\t\t\t\t\t\t\t\t\t\t\t\t<span class=\"btn-icon\">\n\t\t\t\t\t\t\t<i aria-hidden=\"true\" class=\"fas fa-info-circle\"><\/i>\t\t\t\t\t\t<\/span>\n\t\t\t\t\t\t\t\t\t<\/a>\n\t\t\t\t\t\t\t<\/div>\n\t\t\t\t<\/div>\n\t\t\t\t<div class=\"elementor-element elementor-element-58ebf6d elementor-widget__width-auto elementor-widget elementor-widget-ld_button\" data-id=\"58ebf6d\" data-element_type=\"widget\" data-widget_type=\"ld_button.default\">\n\t\t\t\t<div class=\"elementor-widget-container\">\n\t\t\t\t\t\n\t\t\t<a\n\t\t\t\thref=\"#bolum-doktorlari\"class=\"elementor-button btn btn-solid btn-hover-txt-liquid-x btn-icon-block btn-icon-top btn-has-label\"\t\t\t>\n\t\t\t\t\t\t\t\t\t<span data-text=\"ABTEILUNGS\u00c4RZTE\" class=\"btn-txt\" data-transition-delay=\"true\" data-delay-options=\"{&quot;elements&quot;: &quot;.lqd-chars&quot;, &quot;delayType&quot;: &quot;animation&quot;, &quot;startDelay&quot;: 0, &quot;delayBetween&quot;: 32.5}\" data-split-text=\"true\" data-split-options=\"{&quot;type&quot;: &quot;chars, words&quot;}\">\n\t\t\t\t\t\tABTEILUNGS\u00c4RZTE\t\t\t\t\t<\/span>\n\t\t\t\t\t\t\t\t\t\t\t\t\t\t<span class=\"btn-icon\">\n\t\t\t\t\t\t\t<i aria-hidden=\"true\" class=\"fas fa-stethoscope\"><\/i>\t\t\t\t\t\t<\/span>\n\t\t\t\t\t\t\t\t\t<\/a>\n\t\t\t\t\t\t\t<\/div>\n\t\t\t\t<\/div>\n\t\t\t\t\t<\/div>\n\t\t<\/div>\n\t\t\t\t\t<\/div>\n\t\t<\/section>\n\t\t\t\t<section class=\"elementor-section elementor-top-section elementor-element elementor-element-a7e94fe elementor-section-boxed elementor-section-height-default elementor-section-height-default wpr-particle-no wpr-jarallax-no wpr-parallax-no wpr-sticky-section-no\" data-id=\"a7e94fe\" data-element_type=\"section\" id=\"bolum-icerigi\" data-settings=\"{&quot;background_background&quot;:&quot;classic&quot;}\">\n\t\t\t\t\t\t<div class=\"elementor-container elementor-column-gap-default\">\n\t\t\t\t\t<div class=\"elementor-column elementor-col-100 elementor-top-column elementor-element elementor-element-417fc04\" data-id=\"417fc04\" data-element_type=\"column\">\n\t\t\t<div class=\"elementor-widget-wrap elementor-element-populated\">\n\t\t\t\t\t\t<div class=\"elementor-element elementor-element-a01c5f2 elementor-widget elementor-widget-heading\" data-id=\"a01c5f2\" data-element_type=\"widget\" data-widget_type=\"heading.default\">\n\t\t\t\t<div class=\"elementor-widget-container\">\n\t\t\t\t\t<div class=\"elementor-heading-title elementor-size-default\">INHALTSABSCHNITT<\/div>\t\t\t\t<\/div>\n\t\t\t\t<\/div>\n\t\t\t\t<div class=\"elementor-element elementor-element-bc74197 elementor-widget elementor-widget-spacer\" data-id=\"bc74197\" data-element_type=\"widget\" data-widget_type=\"spacer.default\">\n\t\t\t\t<div class=\"elementor-widget-container\">\n\t\t\t\t\t\t\t<div class=\"elementor-spacer\">\n\t\t\t<div class=\"elementor-spacer-inner\"><\/div>\n\t\t<\/div>\n\t\t\t\t\t\t<\/div>\n\t\t\t\t<\/div>\n\t\t\t\t<div class=\"elementor-element elementor-element-3eb417b elementor-widget elementor-widget-text-editor\" data-id=\"3eb417b\" data-element_type=\"widget\" data-widget_type=\"text-editor.default\">\n\t\t\t\t<div class=\"elementor-widget-container\">\n\t\t\t\t\t\t\t\t\t<div class=\"product-name\">\n<p>Die Abteilung f\u00fcr Neurochirurgie bietet Diagnose und Behandlung von Erkrankungen des Gehirns und des R\u00fcckenmarks. Neurochirurgische Eingriffe werden mit Hilfe technologischer Einrichtungen und minimalinvasiver Techniken wie Navigation, Stereotaxie, Mikrochirurgie, Endoskopie, Mikroelektrodenaufzeichnung und 3-Tesla-Magnetresonanztomographie (MRT), digitale Hirnangiographie (DSA) durchgef\u00fchrt.<\/p>\n<p>Neurochirurgische Leistungen werden rund um die Uhr erbracht, und alle Einrichtungen stehen unseren Patienten auch in Notf\u00e4llen uneingeschr\u00e4nkt zur Verf\u00fcgung.<\/p>\n<p>Alle pr\u00e4- und postoperativen Verfahren, Unterst\u00fctzungsleistungen und die Patientenbetreuung werden von speziell geschultem Personal durchgef\u00fchrt. Die Vielfalt der pr\u00e4operativen systemischen, neurologischen und radiologischen Untersuchungsmethoden und die fortschrittlichen postoperativen Pflegeeinheiten sind weitere wichtige Faktoren, die die Qualit\u00e4t unserer Leistungen erh\u00f6hen. Unser Team ist bestrebt, den besten Service zu bieten, wobei wir uns bewusst sind, dass jeder Patient ein Sonderfall ist, und den Patienten in seinem Zustand vor der Erkrankung nach Hause und an seinen Arbeitsplatz zur\u00fcckzubringen. Die medizinische und chirurgische Versorgung unserer Patienten und ihrer Familien erfolgt in einer mitf\u00fchlenden Umgebung mit gro\u00dfer Aufmerksamkeit.<\/p>\n<\/div>\t\t\t\t\t\t\t\t<\/div>\n\t\t\t\t<\/div>\n\t\t\t\t\t<\/div>\n\t\t<\/div>\n\t\t\t\t\t<\/div>\n\t\t<\/section>\n\t\t\t\t<section class=\"elementor-section elementor-top-section elementor-element elementor-element-7fc2ce6 elementor-section-boxed elementor-section-height-default elementor-section-height-default wpr-particle-no wpr-jarallax-no wpr-parallax-no wpr-sticky-section-no\" data-id=\"7fc2ce6\" data-element_type=\"section\" id=\"bolum-doktorlari\" data-settings=\"{&quot;background_background&quot;:&quot;classic&quot;}\">\n\t\t\t\t\t\t<div class=\"elementor-container elementor-column-gap-default\">\n\t\t\t\t\t<div class=\"elementor-column elementor-col-100 elementor-top-column elementor-element elementor-element-79eee53\" data-id=\"79eee53\" data-element_type=\"column\">\n\t\t\t<div class=\"elementor-widget-wrap elementor-element-populated\">\n\t\t\t\t\t\t<div class=\"elementor-element elementor-element-f65a77e elementor-widget elementor-widget-heading\" data-id=\"f65a77e\" data-element_type=\"widget\" data-widget_type=\"heading.default\">\n\t\t\t\t<div class=\"elementor-widget-container\">\n\t\t\t\t\t<div class=\"elementor-heading-title elementor-size-default\">ABTEILUNGS\u00c4RZTE<\/div>\t\t\t\t<\/div>\n\t\t\t\t<\/div>\n\t\t\t\t<div class=\"elementor-element elementor-element-328bdb7 elementor-widget elementor-widget-spacer\" data-id=\"328bdb7\" data-element_type=\"widget\" data-widget_type=\"spacer.default\">\n\t\t\t\t<div class=\"elementor-widget-container\">\n\t\t\t\t\t\t\t<div class=\"elementor-spacer\">\n\t\t\t<div class=\"elementor-spacer-inner\"><\/div>\n\t\t<\/div>\n\t\t\t\t\t\t<\/div>\n\t\t\t\t<\/div>\n\t\t\t\t<div class=\"elementor-element elementor-element-118851f elementor-widget elementor-widget-shortcode\" data-id=\"118851f\" data-element_type=\"widget\" data-widget_type=\"shortcode.default\">\n\t\t\t\t<div class=\"elementor-widget-container\">\n\t\t\t\t\t\t\t<div class=\"elementor-shortcode\">\t<div class=\"ex-tplist  column-4 style-10 fct-\" id =\"extp-7788\">\n\t\t                        <div class=\"ctgrid\">\n\t\t<div class=\"item-grid\" data-id=\"ex_id-extp-7788-17247\"> \t\t\t\t\t<div class=\"exp-arrow\" \n\t\t\t\t\t >\n\t\t\t\t\t\t\t\t\t\t\t\t<figure class=\"tpstyle-10 tppost-17247\">\n  <div class=\"tpstyle-10-image\">\n    <a href=\"https:\/\/megapolhospital.com.tr\/de\/doktor\/op-dr-suleyman-mollamahmutoglu\/\">\n      <img fetchpriority=\"high\" decoding=\"async\" width=\"700\" height=\"800\" src=\"https:\/\/megapolhospital.com.tr\/de\/wp-content\/uploads\/2024\/05\/suleyman-mollamahmutoglu-1.jpg\" class=\"attachment-full size-full wp-post-image\" alt=\"\" srcset=\"https:\/\/megapolhospital.com.tr\/de\/wp-content\/uploads\/2024\/05\/suleyman-mollamahmutoglu-1.jpg 700w,   https:\/\/megapolhospital.com.tr\/de\/wp-content\/uploads\/2024\/05\/suleyman-mollamahmutoglu-1-263x300.jpg 263w\" sizes=\"(max-width: 700px) 100vw, 700px\" \/>        \n      <\/a>\n  <\/div>\n  <figcaption>\n    <h3><a href=\"https:\/\/megapolhospital.com.tr\/de\/doktor\/op-dr-suleyman-mollamahmutoglu\/\">Op. Dr. S\u00fcleyman Mollamahmuto\u011flu<\/a><\/h3>\n            <h5>Gehirn und Nervenchirurgie<\/h5>\n        \t<p>SektionGehirn und Neurochirurgie H\u00f6here BildungFakult\u00e4t f\u00fcr Medizin der Atat\u00fcrk-Universit\u00e4t Spezialisierung...<\/p>\n\t    <div class=\"tpstyle-10-social\">\n      <ul class ='ex-social-account'><\/ul>    <\/div>\n  <\/figcaption>\n  <\/figure>\n\t\t\t\t\t<div class=\"exclearfix\"><\/div>\n\t\t\t\t\t<\/div>\n\t\t\t\t\t<\/div>\t\t<\/div>\n\t\t        \n\t\t\t\t\t<div class=\"extp-pagination-parent\">\n\t\t\t<div class=\"extp-pagination\">\n\t\t\t\t\t<input type=\"hidden\"  name=\"id_grid\" value=\"extp-7788\">\n\t\t\t\t\t<input type=\"hidden\"  name=\"total_item\" value=\"1\">\n\t\t\t\t\t<input type=\"hidden\"  name=\"num_page\" value=\"1\">\n\t\t\t\t\t<input type=\"hidden\"  name=\"num_page_uu\" value=\"1\">\n\t\t\t\t\t<input type=\"hidden\"  name=\"current_page\" value=\"1\">\n\t\t\t\t\t<input type=\"hidden\"  name=\"ajax_url\" value=\"https:\/\/megapolhospital.com.tr\/de\/wp-admin\/admin-ajax.php\">\n\t\t\t\t\t<input type=\"hidden\"  name=\"param_query\" value=\"{&quot;post_type&quot;:[&quot;ex_team&quot;],&quot;posts_per_page&quot;:&quot;10&quot;,&quot;post_status&quot;:[&quot;publish&quot;],&quot;tag&quot;:&quot;&quot;,&quot;order&quot;:&quot;ASC&quot;,&quot;orderby&quot;:&quot;date&quot;,&quot;meta_key&quot;:&quot;&quot;,&quot;ignore_sticky_posts&quot;:1,&quot;tax_query&quot;:[{&quot;taxonomy&quot;:&quot;extp_cat&quot;,&quot;field&quot;:&quot;term_id&quot;,&quot;terms&quot;:[&quot;59&quot;]}]}\">\n\t\t\t\t\t<input type=\"hidden\"  name=\"param_ids\" value=\"[17247]\">\n\t\t\t\t\t<input type=\"hidden\" id=\"param_shortcode\" name=\"param_shortcode\" value=\"{&quot;style&quot;:&quot;10&quot;,&quot;column&quot;:&quot;4&quot;,&quot;count&quot;:&quot;10&quot;,&quot;posts_per_page&quot;:&quot;10&quot;,&quot;fullcontent_in&quot;:&quot;&quot;,&quot;ids&quot;:&quot;&quot;,&quot;cat&quot;:&quot;59&quot;,&quot;location&quot;:&quot;&quot;,&quot;order&quot;:&quot;ASC&quot;,&quot;orderby&quot;:&quot;date&quot;,&quot;meta_key&quot;:&quot;&quot;,&quot;meta_value&quot;:&quot;&quot;,&quot;number_excerpt&quot;:&quot;&quot;,&quot;alphab_filter&quot;:&quot;&quot;,&quot;search_box&quot;:&quot;hide&quot;,&quot;category_box&quot;:&quot;hide&quot;,&quot;category_style&quot;:&quot;&quot;,&quot;active_filter&quot;:&quot;&quot;,&quot;order_cat&quot;:&quot;&quot;,&quot;location_box&quot;:&quot;hide&quot;,&quot;location_style&quot;:&quot;&quot;,&quot;order_location&quot;:&quot;&quot;,&quot;masonry&quot;:&quot;&quot;,&quot;page_navi&quot;:&quot;&quot;,&quot;ID&quot;:&quot;extp-7788&quot;}\">\n\t\t\t\t<\/div>\t\t\t<\/div>\n\t\t\t<\/div>\n\t<\/div>\n\t\t\t\t\t\t<\/div>\n\t\t\t\t<\/div>\n\t\t\t\t\t<\/div>\n\t\t<\/div>\n\t\t\t\t\t<\/div>\n\t\t<\/section>\n\t\t\t\t<\/div>","protected":false},"excerpt":{"rendered":"<p>INHALT DES ABSCHNITTS ABTEILUNGS\u00c4RZTE INHALTSABSCHNITT Die Abteilung f\u00fcr Neurochirurgie bietet Diagnose und Behandlung von Erkrankungen des Gehirns und des R\u00fcckenmarks. Neurochirurgische Eingriffe werden mit Hilfe technologischer Einrichtungen und minimalinvasiver Techniken wie Navigation, Stereotaxie, Mikrochirurgie, Endoskopie, Mikroelektrodenaufzeichnung und 3-Tesla-Magnetresonanztomographie (MRT), digitale Hirnangiographie (DSA) durchgef\u00fchrt. Neurochirurgische Leistungen werden rund um die Uhr erbracht, und alle Einrichtungen stehen [&hellip;]<\/p>","protected":false},"author":1,"featured_media":0,"parent":17595,"menu_order":0,"comment_status":"closed","ping_status":"closed","template":"","meta":{"_lmt_disableupdate":"","_lmt_disable":"","footnotes":""},"class_list":["post-17397","page","type-page","status-publish","hentry"],"aioseo_notices":[],"_links":{"self":[{"href":"https:\/\/megapolhospital.com.tr\/de\/wp-json\/wp\/v2\/pages\/17397","targetHints":{"allow":["GET"]}}],"collection":[{"href":"https:\/\/megapolhospital.com.tr\/de\/wp-json\/wp\/v2\/pages"}],"about":[{"href":"https:\/\/megapolhospital.com.tr\/de\/wp-json\/wp\/v2\/types\/page"}],"author":[{"embeddable":true,"href":"https:\/\/megapolhospital.com.tr\/de\/wp-json\/wp\/v2\/users\/1"}],"replies":[{"embeddable":true,"href":"https:\/\/megapolhospital.com.tr\/de\/wp-json\/wp\/v2\/comments?post=17397"}],"version-history":[{"count":4,"href":"https:\/\/megapolhospital.com.tr\/de\/wp-json\/wp\/v2\/pages\/17397\/revisions"}],"predecessor-version":[{"id":20887,"href":"https:\/\/megapolhospital.com.tr\/de\/wp-json\/wp\/v2\/pages\/17397\/revisions\/20887"}],"up":[{"embeddable":true,"href":"https:\/\/megapolhospital.com.tr\/de\/wp-json\/wp\/v2\/pages\/17595"}],"wp:attachment":[{"href":"https:\/\/megapolhospital.com.tr\/de\/wp-json\/wp\/v2\/media?parent=17397"}],"curies":[{"name":"wp","href":"https:\/\/api.w.org\/{rel}","templated":true}]}}