{"id":17869,"date":"2024-06-02T19:25:22","date_gmt":"2024-06-02T16:25:22","guid":{"rendered":"https:\/\/megapolhospital.com.tr\/fr\/?page_id=17869"},"modified":"2024-11-01T15:15:16","modified_gmt":"2024-11-01T12:15:16","slug":"droits-des-patients","status":"publish","type":"page","link":"https:\/\/megapolhospital.com.tr\/fr\/droits-des-patients\/","title":{"rendered":"Droits des patients"},"content":{"rendered":"<div data-elementor-type=\"wp-page\" data-elementor-id=\"17869\" class=\"elementor elementor-17869\" data-elementor-post-type=\"page\">\n\t\t\t\t\t\t<section class=\"elementor-section elementor-top-section elementor-element elementor-element-d3453ef elementor-section-boxed elementor-section-height-default elementor-section-height-default wpr-particle-no wpr-jarallax-no wpr-parallax-no wpr-sticky-section-no\" data-id=\"d3453ef\" data-element_type=\"section\" data-settings=\"{&quot;background_background&quot;:&quot;gradient&quot;}\">\n\t\t\t\t\t\t<div class=\"elementor-container elementor-column-gap-default\">\n\t\t\t\t\t<div class=\"elementor-column elementor-col-50 elementor-top-column elementor-element elementor-element-e78b28f\" data-id=\"e78b28f\" data-element_type=\"column\">\n\t\t\t<div class=\"elementor-widget-wrap elementor-element-populated\">\n\t\t\t\t\t\t<div class=\"elementor-element elementor-element-693f608 elementor-widget elementor-widget-spacer\" data-id=\"693f608\" data-element_type=\"widget\" data-widget_type=\"spacer.default\">\n\t\t\t\t<div class=\"elementor-widget-container\">\n\t\t\t<style>\/*! elementor - v3.20.0 - 20-03-2024 *\/\n.elementor-column .elementor-spacer-inner{height:var(--spacer-size)}.e-con{--container-widget-width:100%}.e-con-inner>.elementor-widget-spacer,.e-con>.elementor-widget-spacer{width:var(--container-widget-width,var(--spacer-size));--align-self:var(--container-widget-align-self,initial);--flex-shrink:0}.e-con-inner>.elementor-widget-spacer>.elementor-widget-container,.e-con>.elementor-widget-spacer>.elementor-widget-container{height:100%;width:100%}.e-con-inner>.elementor-widget-spacer>.elementor-widget-container>.elementor-spacer,.e-con>.elementor-widget-spacer>.elementor-widget-container>.elementor-spacer{height:100%}.e-con-inner>.elementor-widget-spacer>.elementor-widget-container>.elementor-spacer>.elementor-spacer-inner,.e-con>.elementor-widget-spacer>.elementor-widget-container>.elementor-spacer>.elementor-spacer-inner{height:var(--container-widget-height,var(--spacer-size))}.e-con-inner>.elementor-widget-spacer.elementor-widget-empty,.e-con>.elementor-widget-spacer.elementor-widget-empty{position:relative;min-height:22px;min-width:22px}.e-con-inner>.elementor-widget-spacer.elementor-widget-empty .elementor-widget-empty-icon,.e-con>.elementor-widget-spacer.elementor-widget-empty .elementor-widget-empty-icon{position:absolute;top:0;bottom:0;left:0;right:0;margin:auto;padding:0;width:22px;height:22px}<\/style>\t\t<div class=\"elementor-spacer\">\n\t\t\t<div class=\"elementor-spacer-inner\"><\/div>\n\t\t<\/div>\n\t\t\t\t<\/div>\n\t\t\t\t<\/div>\n\t\t\t\t<div class=\"elementor-element elementor-element-4eebc1d elementor-widget elementor-widget-heading\" data-id=\"4eebc1d\" data-element_type=\"widget\" data-widget_type=\"heading.default\">\n\t\t\t\t<div class=\"elementor-widget-container\">\n\t\t\t<style>\/*! elementor - v3.20.0 - 20-03-2024 *\/\n.elementor-heading-title{padding:0;margin:0;line-height:1}.elementor-widget-heading .elementor-heading-title[class*=elementor-size-]>a{color:inherit;font-size:inherit;line-height:inherit}.elementor-widget-heading .elementor-heading-title.elementor-size-small{font-size:15px}.elementor-widget-heading .elementor-heading-title.elementor-size-medium{font-size:19px}.elementor-widget-heading .elementor-heading-title.elementor-size-large{font-size:29px}.elementor-widget-heading .elementor-heading-title.elementor-size-xl{font-size:39px}.elementor-widget-heading .elementor-heading-title.elementor-size-xxl{font-size:59px}<\/style><p class=\"elementor-heading-title elementor-size-default\">H\u00d4PITAL MEGAPOL<\/p>\t\t<\/div>\n\t\t\t\t<\/div>\n\t\t\t\t\t<\/div>\n\t\t<\/div>\n\t\t\t\t<div class=\"elementor-column elementor-col-50 elementor-top-column elementor-element elementor-element-2618ce0\" data-id=\"2618ce0\" data-element_type=\"column\">\n\t\t\t<div class=\"elementor-widget-wrap elementor-element-populated\">\n\t\t\t\t\t\t<div class=\"elementor-element elementor-element-9898c9e elementor-widget__width-auto elementor-widget elementor-widget-heading\" data-id=\"9898c9e\" data-element_type=\"widget\" data-widget_type=\"heading.default\">\n\t\t\t\t<div class=\"elementor-widget-container\">\n\t\t\t<div class=\"elementor-heading-title elementor-size-default\"><div class=\"aioseo-breadcrumbs\"><span class=\"aioseo-breadcrumb\">\n\tHome\n<\/span><\/div><\/div>\t\t<\/div>\n\t\t\t\t<\/div>\n\t\t\t\t\t<\/div>\n\t\t<\/div>\n\t\t\t\t\t<\/div>\n\t\t<\/section>\n\t\t\t\t<section class=\"elementor-section elementor-top-section elementor-element elementor-element-697e38b elementor-section-boxed elementor-section-height-default elementor-section-height-default wpr-particle-no wpr-jarallax-no wpr-parallax-no wpr-sticky-section-no\" data-id=\"697e38b\" data-element_type=\"section\" data-settings=\"{&quot;background_background&quot;:&quot;classic&quot;}\">\n\t\t\t\t\t\t<div class=\"elementor-container elementor-column-gap-default\">\n\t\t\t\t\t<div class=\"elementor-column elementor-col-100 elementor-top-column elementor-element elementor-element-ab34e85\" data-id=\"ab34e85\" data-element_type=\"column\">\n\t\t\t<div class=\"elementor-widget-wrap elementor-element-populated\">\n\t\t\t\t\t\t<div class=\"elementor-element elementor-element-c1463bb elementor-widget elementor-widget-text-editor\" data-id=\"c1463bb\" data-element_type=\"widget\" data-widget_type=\"text-editor.default\">\n\t\t\t\t<div class=\"elementor-widget-container\">\n\t\t\t<style>\/*! elementor - v3.20.0 - 20-03-2024 *\/\n.elementor-widget-text-editor.elementor-drop-cap-view-stacked .elementor-drop-cap{background-color:#69727d;color:#fff}.elementor-widget-text-editor.elementor-drop-cap-view-framed .elementor-drop-cap{color:#69727d;border:3px solid;background-color:transparent}.elementor-widget-text-editor:not(.elementor-drop-cap-view-default) .elementor-drop-cap{margin-top:8px}.elementor-widget-text-editor:not(.elementor-drop-cap-view-default) .elementor-drop-cap-letter{width:1em;height:1em}.elementor-widget-text-editor .elementor-drop-cap{float:left;text-align:center;line-height:1;font-size:50px}.elementor-widget-text-editor .elementor-drop-cap-letter{display:inline-block}<\/style>\t\t\t\t<p>L\u2019\u00eatre humain entre dans le monde en obtenant certains droits d\u00e8s la naissance, simplement parce qu\u2019il est humain. Le concept de droit est un concept universel. En bref, les droits peuvent \u00eatre d\u00e9finis comme \u00ab le pouvoir accord\u00e9 aux individus par les r\u00e8gles de droit \u00bb.<\/p>\n<p>Les droits de l\u2019homme ont \u00e9t\u00e9 reconnus pour la premi\u00e8re fois en Angleterre en 1215. La D\u00e9claration am\u00e9ricaine des droits et la D\u00e9claration fran\u00e7aise des droits de l\u2019homme et du citoyen en 1789 ont \u00e9t\u00e9 publi\u00e9es officiellement \u00e0 la fin du XVIIIe si\u00e8cle. Avec la cr\u00e9ation des Nations Unies, les droits de l\u2019homme sont devenus universels et la D\u00e9claration universelle des droits de l\u2019homme a \u00e9t\u00e9 publi\u00e9e. Selon celle-ci, il est stipul\u00e9 que chaque individu est libre, honorable et \u00e9gal en termes de ses droits.<\/p>\n<p>Il est possible de d\u00e9finir bri\u00e8vement les droits de l\u2019homme comme l\u2019\u00e9galit\u00e9 et la libert\u00e9 inh\u00e9rentes \u00e0 tous les \u00eatres humains \u00e0 tous \u00e9gards. Cette libert\u00e9 est \u00e9quilibr\u00e9e par l\u2019obligation de respecter les droits d\u2019autrui et de ne pas violer ces droits. Il existe divers droits de l\u2019homme. Les droits des patients font partie des droits humains fondamentaux.<\/p>\n<ol>\n<li>\n<p><strong>B\u00e9n\u00e9ficier du service en g\u00e9n\u00e9ral<\/strong> : B\u00e9n\u00e9ficier des services de sant\u00e9 dans le cadre des principes de justice et d\u2019\u00e9quit\u00e9. Le droit de recevoir des services ind\u00e9pendamment de la race, de la langue, de la religion et de la secte, du sexe, de la croyance philosophique, du statut \u00e9conomique et social.<\/p>\n<\/li>\n<li>\n<p><strong>Information et demande de renseignements<\/strong> : Le droit de s&#8217;informer sur tous les types de services et d\u2019\u00e9quipements de sant\u00e9 et de demander toutes sortes de renseignements, oralement ou par \u00e9crit, concernant son \u00e9tat de sant\u00e9.<\/p>\n<\/li>\n<li>\n<p><strong>Choix et changement de l\u2019\u00e9tablissement de sant\u00e9 et de son personnel<\/strong> : Le droit de choisir et de changer l\u2019\u00e9tablissement de sant\u00e9, de b\u00e9n\u00e9ficier des services de sant\u00e9 fournis dans l\u2019\u00e9tablissement de son choix, de conna\u00eetre l\u2019identit\u00e9, les fonctions et les titres des m\u00e9decins et des autres professionnels de la sant\u00e9 qui fourniront les services de sant\u00e9.<\/p>\n<\/li>\n<li>\n<p><strong>Confidentialit\u00e9<\/strong> : Le droit de recevoir tous les types de services de sant\u00e9 dans un environnement confidentiel.<\/p>\n<\/li>\n<li>\n<p><strong>Refus, cessation et consentement<\/strong> : Le droit de refuser un traitement, d&#8217;en demander la cessation, d&#8217;obtenir le consentement pour les interventions m\u00e9dicales et de b\u00e9n\u00e9ficier du service dans le cadre du consentement.<\/p>\n<\/li>\n<li>\n<p><strong>S\u00e9curit\u00e9<\/strong> : Le droit de recevoir des soins de sant\u00e9 dans un environnement s\u00fbr.<\/p>\n<\/li>\n<li>\n<p><strong>Capacit\u00e9 de remplir les obligations religieuses<\/strong> : Le patient a le droit de remplir ses obligations religieuses dans la mesure des capacit\u00e9s de l&#8217;\u00e9tablissement de sant\u00e9 et dans le cadre des mesures prises par l&#8217;administration.<\/p>\n<\/li>\n<li>\n<p><strong>Respect des valeurs humaines, de la dignit\u00e9 et du confort<\/strong> : Le patient a le droit de recevoir des services de sant\u00e9 avec respect, soin et attention, dans un environnement amical, courtois et compatissant, avec toutes sortes de conditions d\u2019hygi\u00e8ne et sans aucun facteur de nuisance.<\/p>\n<\/li>\n<li>\n<p><strong>Visite et accompagnement<\/strong> : Le droit de recevoir des visites dans le cadre des proc\u00e9dures et des principes d\u00e9termin\u00e9s par les \u00e9tablissements de sant\u00e9 et d\u2019avoir un accompagnant dans la mesure de la l\u00e9gislation, des possibilit\u00e9s de l\u2019\u00e9tablissement de sant\u00e9 et si cela est jug\u00e9 appropri\u00e9 par le m\u00e9decin.<\/p>\n<\/li>\n<li>\n<p><strong>Droit de recours, de plainte et de poursuite<\/strong> : En cas de violation de ses droits, il\/elle a le droit d&#8217;utiliser tous types de recours, de plainte et de poursuite dans le cadre de la l\u00e9gislation.<\/p>\n<\/li>\n<\/ol>\t\t\t\t\t\t<\/div>\n\t\t\t\t<\/div>\n\t\t\t\t\t<\/div>\n\t\t<\/div>\n\t\t\t\t\t<\/div>\n\t\t<\/section>\n\t\t\t\t<\/div>","protected":false},"excerpt":{"rendered":"<p>H\u00d4PITAL MEGAPOL L\u2019\u00eatre humain entre dans le monde en obtenant certains droits d\u00e8s la naissance, simplement parce qu\u2019il est humain. Le concept de droit est un concept universel. En bref, les droits peuvent \u00eatre d\u00e9finis comme \u00ab le pouvoir accord\u00e9 aux individus par les r\u00e8gles de droit \u00bb. Les droits de l\u2019homme ont \u00e9t\u00e9 reconnus [&hellip;]<\/p>","protected":false},"author":1,"featured_media":0,"parent":0,"menu_order":0,"comment_status":"closed","ping_status":"closed","template":"","meta":{"_lmt_disableupdate":"","_lmt_disable":"","footnotes":""},"class_list":["post-17869","page","type-page","status-publish","hentry"],"aioseo_notices":[],"_links":{"self":[{"href":"https:\/\/megapolhospital.com.tr\/fr\/wp-json\/wp\/v2\/pages\/17869","targetHints":{"allow":["GET"]}}],"collection":[{"href":"https:\/\/megapolhospital.com.tr\/fr\/wp-json\/wp\/v2\/pages"}],"about":[{"href":"https:\/\/megapolhospital.com.tr\/fr\/wp-json\/wp\/v2\/types\/page"}],"author":[{"embeddable":true,"href":"https:\/\/megapolhospital.com.tr\/fr\/wp-json\/wp\/v2\/users\/1"}],"replies":[{"embeddable":true,"href":"https:\/\/megapolhospital.com.tr\/fr\/wp-json\/wp\/v2\/comments?post=17869"}],"version-history":[{"count":7,"href":"https:\/\/megapolhospital.com.tr\/fr\/wp-json\/wp\/v2\/pages\/17869\/revisions"}],"predecessor-version":[{"id":20880,"href":"https:\/\/megapolhospital.com.tr\/fr\/wp-json\/wp\/v2\/pages\/17869\/revisions\/20880"}],"wp:attachment":[{"href":"https:\/\/megapolhospital.com.tr\/fr\/wp-json\/wp\/v2\/media?parent=17869"}],"curies":[{"name":"wp","href":"https:\/\/api.w.org\/{rel}","templated":true}]}}