{"id":17875,"date":"2024-06-02T19:30:07","date_gmt":"2024-06-02T16:30:07","guid":{"rendered":"https:\/\/megapolhospital.com.tr\/fr\/?page_id=17875"},"modified":"2024-11-01T15:28:22","modified_gmt":"2024-11-01T12:28:22","slug":"responsabilites-du-patient","status":"publish","type":"page","link":"https:\/\/megapolhospital.com.tr\/fr\/responsabilites-du-patient\/","title":{"rendered":"Responsabilit\u00e9s du patient"},"content":{"rendered":"<div data-elementor-type=\"wp-page\" data-elementor-id=\"17875\" class=\"elementor elementor-17875\" data-elementor-post-type=\"page\">\n\t\t\t\t\t\t<section class=\"elementor-section elementor-top-section elementor-element elementor-element-d3453ef elementor-section-boxed elementor-section-height-default elementor-section-height-default wpr-particle-no wpr-jarallax-no wpr-parallax-no wpr-sticky-section-no\" data-id=\"d3453ef\" data-element_type=\"section\" data-settings=\"{&quot;background_background&quot;:&quot;gradient&quot;}\">\n\t\t\t\t\t\t<div class=\"elementor-container elementor-column-gap-default\">\n\t\t\t\t\t<div class=\"elementor-column elementor-col-50 elementor-top-column elementor-element elementor-element-e78b28f\" data-id=\"e78b28f\" data-element_type=\"column\">\n\t\t\t<div class=\"elementor-widget-wrap elementor-element-populated\">\n\t\t\t\t\t\t<div class=\"elementor-element elementor-element-693f608 elementor-widget elementor-widget-spacer\" data-id=\"693f608\" data-element_type=\"widget\" data-widget_type=\"spacer.default\">\n\t\t\t\t<div class=\"elementor-widget-container\">\n\t\t\t<style>\/*! elementor - v3.20.0 - 20-03-2024 *\/\n.elementor-column .elementor-spacer-inner{height:var(--spacer-size)}.e-con{--container-widget-width:100%}.e-con-inner>.elementor-widget-spacer,.e-con>.elementor-widget-spacer{width:var(--container-widget-width,var(--spacer-size));--align-self:var(--container-widget-align-self,initial);--flex-shrink:0}.e-con-inner>.elementor-widget-spacer>.elementor-widget-container,.e-con>.elementor-widget-spacer>.elementor-widget-container{height:100%;width:100%}.e-con-inner>.elementor-widget-spacer>.elementor-widget-container>.elementor-spacer,.e-con>.elementor-widget-spacer>.elementor-widget-container>.elementor-spacer{height:100%}.e-con-inner>.elementor-widget-spacer>.elementor-widget-container>.elementor-spacer>.elementor-spacer-inner,.e-con>.elementor-widget-spacer>.elementor-widget-container>.elementor-spacer>.elementor-spacer-inner{height:var(--container-widget-height,var(--spacer-size))}.e-con-inner>.elementor-widget-spacer.elementor-widget-empty,.e-con>.elementor-widget-spacer.elementor-widget-empty{position:relative;min-height:22px;min-width:22px}.e-con-inner>.elementor-widget-spacer.elementor-widget-empty .elementor-widget-empty-icon,.e-con>.elementor-widget-spacer.elementor-widget-empty .elementor-widget-empty-icon{position:absolute;top:0;bottom:0;left:0;right:0;margin:auto;padding:0;width:22px;height:22px}<\/style>\t\t<div class=\"elementor-spacer\">\n\t\t\t<div class=\"elementor-spacer-inner\"><\/div>\n\t\t<\/div>\n\t\t\t\t<\/div>\n\t\t\t\t<\/div>\n\t\t\t\t<div class=\"elementor-element elementor-element-4eebc1d elementor-widget elementor-widget-heading\" data-id=\"4eebc1d\" data-element_type=\"widget\" data-widget_type=\"heading.default\">\n\t\t\t\t<div class=\"elementor-widget-container\">\n\t\t\t<style>\/*! elementor - v3.20.0 - 20-03-2024 *\/\n.elementor-heading-title{padding:0;margin:0;line-height:1}.elementor-widget-heading .elementor-heading-title[class*=elementor-size-]>a{color:inherit;font-size:inherit;line-height:inherit}.elementor-widget-heading .elementor-heading-title.elementor-size-small{font-size:15px}.elementor-widget-heading .elementor-heading-title.elementor-size-medium{font-size:19px}.elementor-widget-heading .elementor-heading-title.elementor-size-large{font-size:29px}.elementor-widget-heading .elementor-heading-title.elementor-size-xl{font-size:39px}.elementor-widget-heading .elementor-heading-title.elementor-size-xxl{font-size:59px}<\/style><p class=\"elementor-heading-title elementor-size-default\">H\u00d4PITAL MEGAPOL<\/p>\t\t<\/div>\n\t\t\t\t<\/div>\n\t\t\t\t\t<\/div>\n\t\t<\/div>\n\t\t\t\t<div class=\"elementor-column elementor-col-50 elementor-top-column elementor-element elementor-element-2618ce0\" data-id=\"2618ce0\" data-element_type=\"column\">\n\t\t\t<div class=\"elementor-widget-wrap elementor-element-populated\">\n\t\t\t\t\t\t<div class=\"elementor-element elementor-element-9898c9e elementor-widget__width-auto elementor-widget elementor-widget-heading\" data-id=\"9898c9e\" data-element_type=\"widget\" data-widget_type=\"heading.default\">\n\t\t\t\t<div class=\"elementor-widget-container\">\n\t\t\t<div class=\"elementor-heading-title elementor-size-default\"><div class=\"aioseo-breadcrumbs\"><span class=\"aioseo-breadcrumb\">\n\tHome\n<\/span><\/div><\/div>\t\t<\/div>\n\t\t\t\t<\/div>\n\t\t\t\t\t<\/div>\n\t\t<\/div>\n\t\t\t\t\t<\/div>\n\t\t<\/section>\n\t\t\t\t<section class=\"elementor-section elementor-top-section elementor-element elementor-element-697e38b elementor-section-boxed elementor-section-height-default elementor-section-height-default wpr-particle-no wpr-jarallax-no wpr-parallax-no wpr-sticky-section-no\" data-id=\"697e38b\" data-element_type=\"section\" data-settings=\"{&quot;background_background&quot;:&quot;classic&quot;}\">\n\t\t\t\t\t\t<div class=\"elementor-container elementor-column-gap-default\">\n\t\t\t\t\t<div class=\"elementor-column elementor-col-100 elementor-top-column elementor-element elementor-element-ab34e85\" data-id=\"ab34e85\" data-element_type=\"column\">\n\t\t\t<div class=\"elementor-widget-wrap elementor-element-populated\">\n\t\t\t\t\t\t<div class=\"elementor-element elementor-element-c1463bb elementor-widget elementor-widget-text-editor\" data-id=\"c1463bb\" data-element_type=\"widget\" data-widget_type=\"text-editor.default\">\n\t\t\t\t<div class=\"elementor-widget-container\">\n\t\t\t<style>\/*! elementor - v3.20.0 - 20-03-2024 *\/\n.elementor-widget-text-editor.elementor-drop-cap-view-stacked .elementor-drop-cap{background-color:#69727d;color:#fff}.elementor-widget-text-editor.elementor-drop-cap-view-framed .elementor-drop-cap{color:#69727d;border:3px solid;background-color:transparent}.elementor-widget-text-editor:not(.elementor-drop-cap-view-default) .elementor-drop-cap{margin-top:8px}.elementor-widget-text-editor:not(.elementor-drop-cap-view-default) .elementor-drop-cap-letter{width:1em;height:1em}.elementor-widget-text-editor .elementor-drop-cap{float:left;text-align:center;line-height:1;font-size:50px}.elementor-widget-text-editor .elementor-drop-cap-letter{display:inline-block}<\/style>\t\t\t\t<p>R\u00e9cemment, le concept de \u00ab Responsabilit\u00e9 du Patient \u00bb a \u00e9merg\u00e9 aux c\u00f4t\u00e9s des droits du patient. Le contenu et la port\u00e9e de ce concept n&#8217;ont pas encore \u00e9t\u00e9 d\u00e9finis. Cependant, il peut en g\u00e9n\u00e9ral \u00eatre d\u00e9fini comme les devoirs et obligations que le patient doit remplir avant et apr\u00e8s s&#8217;\u00eatre adress\u00e9 \u00e0 un \u00e9tablissement de sant\u00e9. Il est possible de classifier les responsabilit\u00e9s du patient. Nous pouvons les \u00e9num\u00e9rer bri\u00e8vement en points :<\/p>\n<ol>\n<li>\n<p><strong>Responsabilit\u00e9s G\u00e9n\u00e9rales<\/strong> 1.1. Les individus doivent faire de leur mieux pour prendre soin de leur propre sant\u00e9 et suivre les conseils donn\u00e9s pour une vie saine. 1.2. Si cela est appropri\u00e9, les individus peuvent donner leur sang ou faire un don d&#8217;organes. 1.3. Dans les cas simples, les individus doivent s&#8217;occuper d&#8217;eux-m\u00eames.<\/p>\n<\/li>\n<li>\n<p><strong>Statut de S\u00e9curit\u00e9 Sociale<\/strong> 2.1. Le patient est tenu de signaler les changements dans son \u00e9tat de sant\u00e9, de s\u00e9curit\u00e9 sociale et ses informations personnelles en temps voulu. 2.2. Le patient doit faire renouveler son visa de carte de sant\u00e9 (comme Ba\u011f-Kur, carte verte) \u00e0 temps.<\/p>\n<\/li>\n<li>\n<p><strong>Informer les Professionnels de Sant\u00e9<\/strong> 3.1. Le patient doit fournir des informations compl\u00e8tes et exactes concernant ses plaintes, ses maladies ant\u00e9rieures, s&#8217;il a re\u00e7u un traitement hospitalier, les m\u00e9dicaments qu&#8217;il prend actuellement, le cas \u00e9ch\u00e9ant, et toutes les informations concernant sa sant\u00e9.<\/p>\n<\/li>\n<li>\n<p><strong>Respect des R\u00e8gles de l\u2019H\u00f4pital<\/strong> 4.1. Le patient doit se conformer aux r\u00e8gles et pratiques de l\u2019\u00e9tablissement de sant\u00e9 auquel il s\u2019adresse. 4.2. Le patient doit respecter la cha\u00eene de r\u00e9f\u00e9rence d\u00e9termin\u00e9e par le Minist\u00e8re de la Sant\u00e9 et les autres institutions de s\u00e9curit\u00e9 sociale. 4.3. Le patient est tenu de coop\u00e9rer avec les professionnels de sant\u00e9 pendant le processus de traitement, de soins et de r\u00e9habilitation. 4.4. Si le patient b\u00e9n\u00e9ficie d\u2019un \u00e9tablissement de sant\u00e9 offrant des services sur rendez-vous, il doit respecter la date et l\u2019heure du rendez-vous et notifier tout changement au lieu concern\u00e9. 4.5. Le patient doit respecter les droits du personnel hospitalier, des autres patients et des visiteurs. 4.6. Le patient doit indemniser tout dommage caus\u00e9 aux \u00e9quipements de l\u2019h\u00f4pital.<\/p>\n<\/li>\n<li>\n<p><strong>Respect des Recommandations de Traitement<\/strong> 5.1. Le patient doit \u00e9couter attentivement les recommandations concernant le traitement et la m\u00e9dication et poser des questions sur les parties qu&#8217;il ne comprend pas. 5.2. Le patient doit informer le professionnel de sant\u00e9 s&#8217;il est incapable de suivre les recommandations concernant son traitement. 5.3. Le patient doit indiquer s&#8217;il comprend correctement les soins de sant\u00e9 et le plan de soins post-sortie tel qu&#8217;attendu. 5.4. Le patient est responsable des cons\u00e9quences de son refus de traitement ou du non-respect des recommandations.<\/p>\n<\/li>\n<\/ol>\t\t\t\t\t\t<\/div>\n\t\t\t\t<\/div>\n\t\t\t\t\t<\/div>\n\t\t<\/div>\n\t\t\t\t\t<\/div>\n\t\t<\/section>\n\t\t\t\t<\/div>","protected":false},"excerpt":{"rendered":"<p>H\u00d4PITAL MEGAPOL R\u00e9cemment, le concept de \u00ab Responsabilit\u00e9 du Patient \u00bb a \u00e9merg\u00e9 aux c\u00f4t\u00e9s des droits du patient. Le contenu et la port\u00e9e de ce concept n&#8217;ont pas encore \u00e9t\u00e9 d\u00e9finis. Cependant, il peut en g\u00e9n\u00e9ral \u00eatre d\u00e9fini comme les devoirs et obligations que le patient doit remplir avant et apr\u00e8s s&#8217;\u00eatre adress\u00e9 \u00e0 [&hellip;]<\/p>","protected":false},"author":1,"featured_media":0,"parent":0,"menu_order":0,"comment_status":"closed","ping_status":"closed","template":"","meta":{"_lmt_disableupdate":"","_lmt_disable":"","footnotes":""},"class_list":["post-17875","page","type-page","status-publish","hentry"],"aioseo_notices":[],"_links":{"self":[{"href":"https:\/\/megapolhospital.com.tr\/fr\/wp-json\/wp\/v2\/pages\/17875","targetHints":{"allow":["GET"]}}],"collection":[{"href":"https:\/\/megapolhospital.com.tr\/fr\/wp-json\/wp\/v2\/pages"}],"about":[{"href":"https:\/\/megapolhospital.com.tr\/fr\/wp-json\/wp\/v2\/types\/page"}],"author":[{"embeddable":true,"href":"https:\/\/megapolhospital.com.tr\/fr\/wp-json\/wp\/v2\/users\/1"}],"replies":[{"embeddable":true,"href":"https:\/\/megapolhospital.com.tr\/fr\/wp-json\/wp\/v2\/comments?post=17875"}],"version-history":[{"count":5,"href":"https:\/\/megapolhospital.com.tr\/fr\/wp-json\/wp\/v2\/pages\/17875\/revisions"}],"predecessor-version":[{"id":20886,"href":"https:\/\/megapolhospital.com.tr\/fr\/wp-json\/wp\/v2\/pages\/17875\/revisions\/20886"}],"wp:attachment":[{"href":"https:\/\/megapolhospital.com.tr\/fr\/wp-json\/wp\/v2\/media?parent=17875"}],"curies":[{"name":"wp","href":"https:\/\/api.w.org\/{rel}","templated":true}]}}