{"id":17908,"date":"2024-06-02T20:58:22","date_gmt":"2024-06-02T17:58:22","guid":{"rendered":"https:\/\/megapolhospital.com.tr\/fr\/?page_id=17908"},"modified":"2024-11-04T14:52:43","modified_gmt":"2024-11-04T11:52:43","slug":"guide-de-la-sante","status":"publish","type":"page","link":"https:\/\/megapolhospital.com.tr\/fr\/guide-de-la-sante\/","title":{"rendered":"Guide de la sant\u00e9"},"content":{"rendered":"<div data-elementor-type=\"wp-page\" data-elementor-id=\"17908\" class=\"elementor elementor-17908\" data-elementor-post-type=\"page\">\n\t\t\t\t\t\t<section class=\"elementor-section elementor-top-section elementor-element elementor-element-d3453ef elementor-section-boxed elementor-section-height-default elementor-section-height-default wpr-particle-no wpr-jarallax-no wpr-parallax-no wpr-sticky-section-no\" data-id=\"d3453ef\" data-element_type=\"section\" data-settings=\"{&quot;background_background&quot;:&quot;gradient&quot;}\">\n\t\t\t\t\t\t<div class=\"elementor-container elementor-column-gap-default\">\n\t\t\t\t\t<div class=\"elementor-column elementor-col-50 elementor-top-column elementor-element elementor-element-e78b28f\" data-id=\"e78b28f\" data-element_type=\"column\">\n\t\t\t<div class=\"elementor-widget-wrap elementor-element-populated\">\n\t\t\t\t\t\t<div class=\"elementor-element elementor-element-693f608 elementor-widget elementor-widget-spacer\" data-id=\"693f608\" data-element_type=\"widget\" data-widget_type=\"spacer.default\">\n\t\t\t\t<div class=\"elementor-widget-container\">\n\t\t\t<style>\/*! elementor - v3.20.0 - 20-03-2024 *\/\n.elementor-column .elementor-spacer-inner{height:var(--spacer-size)}.e-con{--container-widget-width:100%}.e-con-inner>.elementor-widget-spacer,.e-con>.elementor-widget-spacer{width:var(--container-widget-width,var(--spacer-size));--align-self:var(--container-widget-align-self,initial);--flex-shrink:0}.e-con-inner>.elementor-widget-spacer>.elementor-widget-container,.e-con>.elementor-widget-spacer>.elementor-widget-container{height:100%;width:100%}.e-con-inner>.elementor-widget-spacer>.elementor-widget-container>.elementor-spacer,.e-con>.elementor-widget-spacer>.elementor-widget-container>.elementor-spacer{height:100%}.e-con-inner>.elementor-widget-spacer>.elementor-widget-container>.elementor-spacer>.elementor-spacer-inner,.e-con>.elementor-widget-spacer>.elementor-widget-container>.elementor-spacer>.elementor-spacer-inner{height:var(--container-widget-height,var(--spacer-size))}.e-con-inner>.elementor-widget-spacer.elementor-widget-empty,.e-con>.elementor-widget-spacer.elementor-widget-empty{position:relative;min-height:22px;min-width:22px}.e-con-inner>.elementor-widget-spacer.elementor-widget-empty .elementor-widget-empty-icon,.e-con>.elementor-widget-spacer.elementor-widget-empty .elementor-widget-empty-icon{position:absolute;top:0;bottom:0;left:0;right:0;margin:auto;padding:0;width:22px;height:22px}<\/style>\t\t<div class=\"elementor-spacer\">\n\t\t\t<div class=\"elementor-spacer-inner\"><\/div>\n\t\t<\/div>\n\t\t\t\t<\/div>\n\t\t\t\t<\/div>\n\t\t\t\t<div class=\"elementor-element elementor-element-4eebc1d elementor-widget elementor-widget-heading\" data-id=\"4eebc1d\" data-element_type=\"widget\" data-widget_type=\"heading.default\">\n\t\t\t\t<div class=\"elementor-widget-container\">\n\t\t\t<style>\/*! elementor - v3.20.0 - 20-03-2024 *\/\n.elementor-heading-title{padding:0;margin:0;line-height:1}.elementor-widget-heading .elementor-heading-title[class*=elementor-size-]>a{color:inherit;font-size:inherit;line-height:inherit}.elementor-widget-heading .elementor-heading-title.elementor-size-small{font-size:15px}.elementor-widget-heading .elementor-heading-title.elementor-size-medium{font-size:19px}.elementor-widget-heading .elementor-heading-title.elementor-size-large{font-size:29px}.elementor-widget-heading .elementor-heading-title.elementor-size-xl{font-size:39px}.elementor-widget-heading .elementor-heading-title.elementor-size-xxl{font-size:59px}<\/style><p class=\"elementor-heading-title elementor-size-default\">H\u00d4PITAL MEGAPOL<\/p>\t\t<\/div>\n\t\t\t\t<\/div>\n\t\t\t\t\t<\/div>\n\t\t<\/div>\n\t\t\t\t<div class=\"elementor-column elementor-col-50 elementor-top-column elementor-element elementor-element-2618ce0\" data-id=\"2618ce0\" data-element_type=\"column\">\n\t\t\t<div class=\"elementor-widget-wrap elementor-element-populated\">\n\t\t\t\t\t\t<div class=\"elementor-element elementor-element-9898c9e elementor-widget__width-auto elementor-widget elementor-widget-heading\" data-id=\"9898c9e\" data-element_type=\"widget\" data-widget_type=\"heading.default\">\n\t\t\t\t<div class=\"elementor-widget-container\">\n\t\t\t<div class=\"elementor-heading-title elementor-size-default\"><div class=\"aioseo-breadcrumbs\"><span class=\"aioseo-breadcrumb\">\n\tHome\n<\/span><\/div><\/div>\t\t<\/div>\n\t\t\t\t<\/div>\n\t\t\t\t\t<\/div>\n\t\t<\/div>\n\t\t\t\t\t<\/div>\n\t\t<\/section>\n\t\t\t\t<section class=\"elementor-section elementor-top-section elementor-element elementor-element-697e38b elementor-section-boxed elementor-section-height-default elementor-section-height-default wpr-particle-no wpr-jarallax-no wpr-parallax-no wpr-sticky-section-no\" data-id=\"697e38b\" data-element_type=\"section\" data-settings=\"{&quot;background_background&quot;:&quot;classic&quot;}\">\n\t\t\t\t\t\t<div class=\"elementor-container elementor-column-gap-default\">\n\t\t\t\t\t<div class=\"elementor-column elementor-col-100 elementor-top-column elementor-element elementor-element-1f42e59\" data-id=\"1f42e59\" data-element_type=\"column\">\n\t\t\t<div class=\"elementor-widget-wrap elementor-element-populated\">\n\t\t\t\t\t\t<div class=\"elementor-element elementor-element-18961ca elementor-widget elementor-widget-ld_blog\" data-id=\"18961ca\" data-element_type=\"widget\" data-widget_type=\"ld_blog.default\">\n\t\t\t\t<div class=\"elementor-widget-container\">\n\t\t\t<div class=\"lqd-lp-grid 18961ca blog-id-25780682\"><div class=\"lqd-lp-row row pos-rel d-flex flex-wrap\" ><div class=\"lqd-lp-column d-flex flex-column col-md-6 col-sm-6 blog\"><article id=\"post-15869\" class=\"lqd-lp pos-rel lqd-lp-style-9 d-flex flex-wrap text-start post-15869 post type-post status-publish format-standard has-post-thumbnail hentry category-blog\"><div class=\"lqd-lp-img w-100\">\n\n\t<figure class=\"pos-rel overflow-hidden border-radius-8\">\n\t\t<img fetchpriority=\"high\" decoding=\"async\" width=\"370\" height=\"470\" src=\"https:\/\/megapolhospital.com.tr\/fr\/wp-content\/uploads\/2024\/03\/cikolata-kisti-blog-1-370x470.jpg\" class=\"w-100 wp-post-image\" alt=\"\" \/>\t\t<div class=\"lqd-overlay d-flex align-items-center justify-content-center\">\n\t\t\t<i class=\"lqd-icn-ess icon-md-arrow-forward\"><\/i>\n\t\t<\/div>\n\t<\/figure>\n\t\n<\/div>\n\n<div class=\"lqd-lp-contents w-100\">\n\n\t<header class=\"lqd-lp-header\">\n\n\t\t<div class=\"lqd-lp-meta lqd-lp-meta-dot-between lqd-lp-meta-solid border-radius-circle d-inline-flex align-items-center text-uppercase ltr-sp-1 font-weight-bold\">\n\t\t\t\n\t\t\t\n\t\t\t<time class=\"lqd-lp-date\" datetime=\"2024-03-27T16:22:21+03:00\">2 y\u0131l ago<\/time>\n\t\t<\/div>\n\n\t\t<h2 class=\"entry-title lqd-lp-title mt-3 mb-3 h5\"><a  href=\"https:\/\/megapolhospital.com.tr\/fr\/quest-ce-quun-kyste-au-chocolat-endometriome-symptomes-et-methodes-de-traitement.html\/\" rel=\"bookmark\">Qu&#8217;est-ce qu&#8217;un kyste au chocolat (endom\u00e9triome) ? Sympt\u00f4mes et m\u00e9thodes de traitement<\/a><\/h2>\n\t<\/header>\n\n\t\n<\/div>\n\n<a  href=\"https:\/\/megapolhospital.com.tr\/fr\/quest-ce-quun-kyste-au-chocolat-endometriome-symptomes-et-methodes-de-traitement.html\/\" class=\"lqd-lp-overlay-link lqd-overlay lqd-cc-label-trigger z-index-2\" tab-index=\"-1\"><\/a><\/article><\/div><div class=\"lqd-lp-column d-flex flex-column col-md-6 col-sm-6 blog\"><article id=\"post-15857\" class=\"lqd-lp pos-rel lqd-lp-style-9 d-flex flex-wrap text-start post-15857 post type-post status-publish format-standard has-post-thumbnail hentry category-blog\"><div class=\"lqd-lp-img w-100\">\n\n\t<figure class=\"pos-rel overflow-hidden border-radius-8\">\n\t\t<img decoding=\"async\" width=\"370\" height=\"470\" src=\"https:\/\/megapolhospital.com.tr\/fr\/wp-content\/uploads\/2024\/03\/agiz-kokusu-blog-1-370x470.jpg\" class=\"w-100 wp-post-image\" alt=\"\" \/>\t\t<div class=\"lqd-overlay d-flex align-items-center justify-content-center\">\n\t\t\t<i class=\"lqd-icn-ess icon-md-arrow-forward\"><\/i>\n\t\t<\/div>\n\t<\/figure>\n\t\n<\/div>\n\n<div class=\"lqd-lp-contents w-100\">\n\n\t<header class=\"lqd-lp-header\">\n\n\t\t<div class=\"lqd-lp-meta lqd-lp-meta-dot-between lqd-lp-meta-solid border-radius-circle d-inline-flex align-items-center text-uppercase ltr-sp-1 font-weight-bold\">\n\t\t\t\n\t\t\t\n\t\t\t<time class=\"lqd-lp-date\" datetime=\"2024-03-27T16:13:18+03:00\">2 y\u0131l ago<\/time>\n\t\t<\/div>\n\n\t\t<h2 class=\"entry-title lqd-lp-title mt-3 mb-3 h5\"><a  href=\"https:\/\/megapolhospital.com.tr\/fr\/mauvaise-haleine-et-traitements-dentaires-fini-la-mauvaise-haleine.html\/\" rel=\"bookmark\">Mauvaise haleine et traitements dentaires : Fini la mauvaise haleine !<\/a><\/h2>\n\t<\/header>\n\n\t\n<\/div>\n\n<a  href=\"https:\/\/megapolhospital.com.tr\/fr\/mauvaise-haleine-et-traitements-dentaires-fini-la-mauvaise-haleine.html\/\" class=\"lqd-lp-overlay-link lqd-overlay lqd-cc-label-trigger z-index-2\" tab-index=\"-1\"><\/a><\/article><\/div><div class=\"lqd-lp-column d-flex flex-column col-md-6 col-sm-6 blog\"><article id=\"post-14940\" class=\"lqd-lp pos-rel lqd-lp-style-9 d-flex flex-wrap text-start post-14940 post type-post status-publish format-standard has-post-thumbnail hentry category-blog\"><div class=\"lqd-lp-img w-100\">\n\n\t<figure class=\"pos-rel overflow-hidden border-radius-8\">\n\t\t<img decoding=\"async\" width=\"370\" height=\"470\" src=\"https:\/\/megapolhospital.com.tr\/fr\/wp-content\/uploads\/2024\/02\/katarakt-goz-tedavisi-blog-1-370x470.jpg\" class=\"w-100 wp-post-image\" alt=\"\" \/>\t\t<div class=\"lqd-overlay d-flex align-items-center justify-content-center\">\n\t\t\t<i class=\"lqd-icn-ess icon-md-arrow-forward\"><\/i>\n\t\t<\/div>\n\t<\/figure>\n\t\n<\/div>\n\n<div class=\"lqd-lp-contents w-100\">\n\n\t<header class=\"lqd-lp-header\">\n\n\t\t<div class=\"lqd-lp-meta lqd-lp-meta-dot-between lqd-lp-meta-solid border-radius-circle d-inline-flex align-items-center text-uppercase ltr-sp-1 font-weight-bold\">\n\t\t\t\n\t\t\t\n\t\t\t<time class=\"lqd-lp-date\" datetime=\"2024-02-02T13:51:46+03:00\">2 y\u0131l ago<\/time>\n\t\t<\/div>\n\n\t\t<h2 class=\"entry-title lqd-lp-title mt-3 mb-3 h5\"><a  href=\"https:\/\/megapolhospital.com.tr\/fr\/maladie-de-la-cataracte-et-methodes-de-traitement-restaurez-votre-qualite-de-vision.html\/\" rel=\"bookmark\">Maladie de la cataracte et m\u00e9thodes de traitement : Restaurez votre qualit\u00e9 de vision !<\/a><\/h2>\n\t<\/header>\n\n\t\n<\/div>\n\n<a  href=\"https:\/\/megapolhospital.com.tr\/fr\/maladie-de-la-cataracte-et-methodes-de-traitement-restaurez-votre-qualite-de-vision.html\/\" class=\"lqd-lp-overlay-link lqd-overlay lqd-cc-label-trigger z-index-2\" tab-index=\"-1\"><\/a><\/article><\/div><\/div><!--\/ .row --><\/div><!--\/ .lqd-lp-grid -->\t\t<\/div>\n\t\t\t\t<\/div>\n\t\t\t\t\t<\/div>\n\t\t<\/div>\n\t\t\t\t\t<\/div>\n\t\t<\/section>\n\t\t\t\t<\/div>","protected":false},"excerpt":{"rendered":"<p>H\u00d4PITAL MEGAPOL 7 ay ago What is a Chocolate Cyst (Endometrioma)? Symptoms and Treatment Methods 7 ay ago Bad Breath and Dental Treatments: No More Bad Breath! 9 ay ago Cataract Disease and Treatment Methods: Restore Your Quality of Vision!<\/p>","protected":false},"author":1,"featured_media":0,"parent":0,"menu_order":0,"comment_status":"closed","ping_status":"closed","template":"","meta":{"_lmt_disableupdate":"","_lmt_disable":"","footnotes":""},"class_list":["post-17908","page","type-page","status-publish","hentry"],"aioseo_notices":[],"_links":{"self":[{"href":"https:\/\/megapolhospital.com.tr\/fr\/wp-json\/wp\/v2\/pages\/17908","targetHints":{"allow":["GET"]}}],"collection":[{"href":"https:\/\/megapolhospital.com.tr\/fr\/wp-json\/wp\/v2\/pages"}],"about":[{"href":"https:\/\/megapolhospital.com.tr\/fr\/wp-json\/wp\/v2\/types\/page"}],"author":[{"embeddable":true,"href":"https:\/\/megapolhospital.com.tr\/fr\/wp-json\/wp\/v2\/users\/1"}],"replies":[{"embeddable":true,"href":"https:\/\/megapolhospital.com.tr\/fr\/wp-json\/wp\/v2\/comments?post=17908"}],"version-history":[{"count":4,"href":"https:\/\/megapolhospital.com.tr\/fr\/wp-json\/wp\/v2\/pages\/17908\/revisions"}],"predecessor-version":[{"id":21238,"href":"https:\/\/megapolhospital.com.tr\/fr\/wp-json\/wp\/v2\/pages\/17908\/revisions\/21238"}],"wp:attachment":[{"href":"https:\/\/megapolhospital.com.tr\/fr\/wp-json\/wp\/v2\/media?parent=17908"}],"curies":[{"name":"wp","href":"https:\/\/api.w.org\/{rel}","templated":true}]}}