{"id":20040,"date":"2024-10-01T11:22:33","date_gmt":"2024-10-01T08:22:33","guid":{"rendered":"https:\/\/megapolhospital.com.tr\/fr\/?page_id=20040"},"modified":"2024-11-01T16:57:37","modified_gmt":"2024-11-01T13:57:37","slug":"g5-massage-pour-lamincissement-regional","status":"publish","type":"page","link":"https:\/\/megapolhospital.com.tr\/fr\/unites-medicales\/centre-de-beaute\/g5-massage-pour-lamincissement-regional\/","title":{"rendered":"G5 Massage pour l&#8217;amincissement r\u00e9gional"},"content":{"rendered":"<div data-elementor-type=\"wp-page\" data-elementor-id=\"20040\" class=\"elementor elementor-20040\" data-elementor-post-type=\"page\">\n\t\t\t\t\t\t<section class=\"lqd-css-sticky elementor-section elementor-top-section elementor-element elementor-element-9128c16 elementor-section-boxed elementor-section-height-default elementor-section-height-default wpr-particle-no wpr-jarallax-no wpr-parallax-no\" style=\"top: auto; top: -20px;\" data-id=\"9128c16\" data-element_type=\"section\" data-settings=\"{&quot;background_background&quot;:&quot;gradient&quot;}\">\n\t\t\t\t\t\t<div class=\"elementor-container elementor-column-gap-default\">\n\t\t\t\t\t<div class=\"elementor-column elementor-col-50 elementor-top-column elementor-element elementor-element-5d8de69\" data-id=\"5d8de69\" data-element_type=\"column\">\n\t\t\t<div class=\"elementor-widget-wrap elementor-element-populated\">\n\t\t\t\t\t\t<div class=\"elementor-element elementor-element-ad9ab81 elementor-widget elementor-widget-spacer\" data-id=\"ad9ab81\" data-element_type=\"widget\" data-widget_type=\"spacer.default\">\n\t\t\t\t<div class=\"elementor-widget-container\">\n\t\t\t<style>\/*! elementor - v3.20.0 - 20-03-2024 *\/\n.elementor-column .elementor-spacer-inner{height:var(--spacer-size)}.e-con{--container-widget-width:100%}.e-con-inner>.elementor-widget-spacer,.e-con>.elementor-widget-spacer{width:var(--container-widget-width,var(--spacer-size));--align-self:var(--container-widget-align-self,initial);--flex-shrink:0}.e-con-inner>.elementor-widget-spacer>.elementor-widget-container,.e-con>.elementor-widget-spacer>.elementor-widget-container{height:100%;width:100%}.e-con-inner>.elementor-widget-spacer>.elementor-widget-container>.elementor-spacer,.e-con>.elementor-widget-spacer>.elementor-widget-container>.elementor-spacer{height:100%}.e-con-inner>.elementor-widget-spacer>.elementor-widget-container>.elementor-spacer>.elementor-spacer-inner,.e-con>.elementor-widget-spacer>.elementor-widget-container>.elementor-spacer>.elementor-spacer-inner{height:var(--container-widget-height,var(--spacer-size))}.e-con-inner>.elementor-widget-spacer.elementor-widget-empty,.e-con>.elementor-widget-spacer.elementor-widget-empty{position:relative;min-height:22px;min-width:22px}.e-con-inner>.elementor-widget-spacer.elementor-widget-empty .elementor-widget-empty-icon,.e-con>.elementor-widget-spacer.elementor-widget-empty .elementor-widget-empty-icon{position:absolute;top:0;bottom:0;left:0;right:0;margin:auto;padding:0;width:22px;height:22px}<\/style>\t\t<div class=\"elementor-spacer\">\n\t\t\t<div class=\"elementor-spacer-inner\"><\/div>\n\t\t<\/div>\n\t\t\t\t<\/div>\n\t\t\t\t<\/div>\n\t\t\t\t<div class=\"elementor-element elementor-element-ed25d05 elementor-widget__width-auto elementor-widget-mobile__width-inherit elementor-widget elementor-widget-heading\" data-id=\"ed25d05\" data-element_type=\"widget\" data-widget_type=\"heading.default\">\n\t\t\t\t<div class=\"elementor-widget-container\">\n\t\t\t<style>\/*! elementor - v3.20.0 - 20-03-2024 *\/\n.elementor-heading-title{padding:0;margin:0;line-height:1}.elementor-widget-heading .elementor-heading-title[class*=elementor-size-]>a{color:inherit;font-size:inherit;line-height:inherit}.elementor-widget-heading .elementor-heading-title.elementor-size-small{font-size:15px}.elementor-widget-heading .elementor-heading-title.elementor-size-medium{font-size:19px}.elementor-widget-heading .elementor-heading-title.elementor-size-large{font-size:29px}.elementor-widget-heading .elementor-heading-title.elementor-size-xl{font-size:39px}.elementor-widget-heading .elementor-heading-title.elementor-size-xxl{font-size:59px}<\/style><div class=\"elementor-heading-title elementor-size-default\"><div class=\"aioseo-breadcrumbs\"><span class=\"aioseo-breadcrumb\">\n\tHome\n<\/span><\/div><\/div>\t\t<\/div>\n\t\t\t\t<\/div>\n\t\t\t\t\t<\/div>\n\t\t<\/div>\n\t\t\t\t<div class=\"elementor-column elementor-col-50 elementor-top-column elementor-element elementor-element-e9364ad\" data-id=\"e9364ad\" data-element_type=\"column\">\n\t\t\t<div class=\"elementor-widget-wrap elementor-element-populated\">\n\t\t\t\t\t\t<div class=\"elementor-element elementor-element-a416da6 elementor-widget__width-auto elementor-widget elementor-widget-ld_button\" data-id=\"a416da6\" data-element_type=\"widget\" data-widget_type=\"ld_button.default\">\n\t\t\t\t<div class=\"elementor-widget-container\">\n\t\t\t\n\t\t\t<a\n\t\t\t\thref=\"#bolum-icerigi\"class=\"elementor-button btn btn-solid btn-hover-txt-liquid-x btn-icon-block btn-icon-top btn-has-label\"\t\t\t>\n\t\t\t\t\t\t\t\t\t<span data-text=\"CONTENU DU TRAITEMENT\" class=\"btn-txt\" data-transition-delay=\"true\" data-delay-options=\"{&quot;elements&quot;: &quot;.lqd-chars&quot;, &quot;delayType&quot;: &quot;animation&quot;, &quot;startDelay&quot;: 0, &quot;delayBetween&quot;: 32.5}\" data-split-text=\"true\" data-split-options=\"{&quot;type&quot;: &quot;chars, words&quot;}\">\n\t\t\t\t\t\tCONTENU DU TRAITEMENT\t\t\t\t\t<\/span>\n\t\t\t\t\t\t\t\t\t\t\t\t\t\t<span class=\"btn-icon\">\n\t\t\t\t\t\t\t<i aria-hidden=\"true\" class=\"fas fa-info-circle\"><\/i>\t\t\t\t\t\t<\/span>\n\t\t\t\t\t\t\t\t\t<\/a>\n\t\t\t\t\t<\/div>\n\t\t\t\t<\/div>\n\t\t\t\t<div class=\"elementor-element elementor-element-58ebf6d elementor-widget__width-auto elementor-widget elementor-widget-ld_button\" data-id=\"58ebf6d\" data-element_type=\"widget\" data-widget_type=\"ld_button.default\">\n\t\t\t\t<div class=\"elementor-widget-container\">\n\t\t\t\n\t\t\t<a\n\t\t\t\thref=\"#sss\"class=\"elementor-button btn btn-solid btn-hover-txt-liquid-x btn-icon-block btn-icon-top btn-has-label\"\t\t\t>\n\t\t\t\t\t\t\t\t\t<span data-text=\"FAQ\" class=\"btn-txt\" data-transition-delay=\"true\" data-delay-options=\"{&quot;elements&quot;: &quot;.lqd-chars&quot;, &quot;delayType&quot;: &quot;animation&quot;, &quot;startDelay&quot;: 0, &quot;delayBetween&quot;: 32.5}\" data-split-text=\"true\" data-split-options=\"{&quot;type&quot;: &quot;chars, words&quot;}\">\n\t\t\t\t\t\tFAQ\t\t\t\t\t<\/span>\n\t\t\t\t\t\t\t\t\t\t\t\t\t\t<span class=\"btn-icon\">\n\t\t\t\t\t\t\t<i aria-hidden=\"true\" class=\"fas fa-question-circle\"><\/i>\t\t\t\t\t\t<\/span>\n\t\t\t\t\t\t\t\t\t<\/a>\n\t\t\t\t\t<\/div>\n\t\t\t\t<\/div>\n\t\t\t\t\t<\/div>\n\t\t<\/div>\n\t\t\t\t\t<\/div>\n\t\t<\/section>\n\t\t\t\t<section class=\"elementor-section elementor-top-section elementor-element elementor-element-a7e94fe elementor-section-boxed elementor-section-height-default elementor-section-height-default wpr-particle-no wpr-jarallax-no wpr-parallax-no wpr-sticky-section-no\" data-id=\"a7e94fe\" data-element_type=\"section\" id=\"bolum-icerigi\" data-settings=\"{&quot;background_background&quot;:&quot;classic&quot;}\">\n\t\t\t\t\t\t<div class=\"elementor-container elementor-column-gap-default\">\n\t\t\t\t\t<div class=\"elementor-column elementor-col-100 elementor-top-column elementor-element elementor-element-417fc04\" data-id=\"417fc04\" data-element_type=\"column\">\n\t\t\t<div class=\"elementor-widget-wrap elementor-element-populated\">\n\t\t\t\t\t\t<div class=\"elementor-element elementor-element-a01c5f2 elementor-widget elementor-widget-heading\" data-id=\"a01c5f2\" data-element_type=\"widget\" data-widget_type=\"heading.default\">\n\t\t\t\t<div class=\"elementor-widget-container\">\n\t\t\t<div class=\"elementor-heading-title elementor-size-default\">CONTENU DU TRAITEMENT<\/div>\t\t<\/div>\n\t\t\t\t<\/div>\n\t\t\t\t<div class=\"elementor-element elementor-element-bc74197 elementor-widget elementor-widget-spacer\" data-id=\"bc74197\" data-element_type=\"widget\" data-widget_type=\"spacer.default\">\n\t\t\t\t<div class=\"elementor-widget-container\">\n\t\t\t\t\t<div class=\"elementor-spacer\">\n\t\t\t<div class=\"elementor-spacer-inner\"><\/div>\n\t\t<\/div>\n\t\t\t\t<\/div>\n\t\t\t\t<\/div>\n\t\t\t\t<div class=\"elementor-element elementor-element-3eb417b elementor-widget elementor-widget-text-editor\" data-id=\"3eb417b\" data-element_type=\"widget\" data-widget_type=\"text-editor.default\">\n\t\t\t\t<div class=\"elementor-widget-container\">\n\t\t\t<style>\/*! elementor - v3.20.0 - 20-03-2024 *\/\n.elementor-widget-text-editor.elementor-drop-cap-view-stacked .elementor-drop-cap{background-color:#69727d;color:#fff}.elementor-widget-text-editor.elementor-drop-cap-view-framed .elementor-drop-cap{color:#69727d;border:3px solid;background-color:transparent}.elementor-widget-text-editor:not(.elementor-drop-cap-view-default) .elementor-drop-cap{margin-top:8px}.elementor-widget-text-editor:not(.elementor-drop-cap-view-default) .elementor-drop-cap-letter{width:1em;height:1em}.elementor-widget-text-editor .elementor-drop-cap{float:left;text-align:center;line-height:1;font-size:50px}.elementor-widget-text-editor .elementor-drop-cap-letter{display:inline-block}<\/style>\t\t\t\t<p>Le massage G5 est une technique de massage sp\u00e9cialis\u00e9e utilis\u00e9e pour la r\u00e9duction cibl\u00e9e des graisses et le traitement de la cellulite. La machine G5 utilise des vibrations m\u00e9caniques \u00e0 haute fr\u00e9quence qui p\u00e9n\u00e8trent profond\u00e9ment dans la peau et les tissus, d\u00e9composant les cellules graisseuses, am\u00e9liorant la circulation et stimulant le syst\u00e8me lymphatique. Cela entra\u00eene une r\u00e9duction des d\u00e9p\u00f4ts de graisse localis\u00e9s, une peau plus ferme et des contours plus lisses. C&#8217;est une option populaire et non invasive pour les personnes souhaitant affiner et tonifier des zones sp\u00e9cifiques du corps, telles que les cuisses, l&#8217;abdomen et les bras.<\/p><p><strong>Comment fonctionne le Massage G5 ?<\/strong><\/p><p>La machine de massage G5 dispose d&#8217;une t\u00eate motoris\u00e9e avec des accessoires vari\u00e9s con\u00e7us pour cibler diff\u00e9rentes zones du corps. Lorsqu&#8217;elle est appliqu\u00e9e sur la peau, l&#8217;appareil g\u00e9n\u00e8re des vibrations m\u00e9caniques rapides qui atteignent les couches profondes des tissus. Ces vibrations aident \u00e0 d\u00e9composer les cellules graisseuses, qui sont ensuite naturellement \u00e9limin\u00e9es par le corps via le syst\u00e8me lymphatique. En m\u00eame temps, le massage G5 stimule la circulation sanguine, am\u00e9liore l&#8217;oxyg\u00e9nation et favorise l\u2019\u00e9limination des toxines. Cette approche double action aide \u00e0 r\u00e9duire l&#8217;apparence de la cellulite, raffermit la peau et permet un amincissement visible dans les zones trait\u00e9es apr\u00e8s plusieurs s\u00e9ances.<\/p><p><strong>\u00c0 qui s\u2019adresse le Massage G5 ?<\/strong><\/p><p>Le massage G5 est id\u00e9al pour les personnes souhaitant traiter des zones sp\u00e9cifiques o\u00f9 la graisse s\u2019accumule, comme l\u2019abdomen, les cuisses, les hanches ou les bras. Il est particuli\u00e8rement efficace pour ceux qui luttent contre des poches de graisse tenaces r\u00e9sistantes aux r\u00e9gimes et \u00e0 l\u2019exercice. Ce traitement est \u00e9galement fortement recommand\u00e9 aux personnes ayant de la cellulite, car il aide \u00e0 d\u00e9composer les bandes fibreuses sous la peau responsables de l\u2019aspect irr\u00e9gulier et bossel\u00e9. Le massage G5 peut \u00eatre utilis\u00e9 seul ou dans le cadre d\u2019un programme plus large de perte de poids ou de remodelage corporel.<\/p><p><strong>D\u00e9roulement du Massage G5<\/strong><\/p><p>Avant de d\u00e9buter le massage G5, le th\u00e9rapeute \u00e9value les zones cibl\u00e9es pour \u00e9tablir un plan de traitement personnalis\u00e9. La s\u00e9ance commence par l\u2019application d\u2019un gel ou d\u2019une lotion pour faciliter le mouvement de la t\u00eate de massage sur la peau. La machine G5 est ensuite appliqu\u00e9e sur la zone de traitement, o\u00f9 elle d\u00e9livre des vibrations \u00e0 haute fr\u00e9quence dans les tissus. La sensation est semblable \u00e0 celle d\u2019un massage en profondeur mais avec une intensit\u00e9 m\u00e9canique ajout\u00e9e. Les s\u00e9ances durent g\u00e9n\u00e9ralement entre 30 et 60 minutes, en fonction de la zone trait\u00e9e. La plupart des personnes trouvent le traitement confortable, bien que certaines zones puissent \u00eatre plus sensibles en raison de l\u2019intensit\u00e9 des vibrations.<\/p><p><strong>Avantages du Massage G5 pour l\u2019Amincissement R\u00e9gional<\/strong><\/p><p>Le massage G5 offre divers avantages pour ceux qui souhaitent am\u00e9liorer l\u2019apparence de leur corps. Cette technique est non invasive, ce qui signifie qu\u2019il n\u2019y a ni chirurgie ni temps de r\u00e9cup\u00e9ration. Les vibrations m\u00e9caniques aident \u00e0 augmenter la circulation sanguine, \u00e0 d\u00e9composer les cellules graisseuses et \u00e0 r\u00e9duire la r\u00e9tention d&#8217;eau, contribuant ainsi \u00e0 une apparence plus mince et plus tonique. De plus, le massage G5 aide \u00e0 lisser et raffermir la peau, le rendant particuli\u00e8rement efficace pour r\u00e9duire l\u2019apparence de la cellulite. C&#8217;est une alternative \u00e9conomique par rapport \u00e0 d&#8217;autres m\u00e9thodes de remodelage corporel comme la liposuccion ou les traitements de r\u00e9duction des graisses invasifs.<\/p><p><strong>Combien de S\u00e9ances sont N\u00e9cessaires ?<\/strong><\/p><p>Le nombre de s\u00e9ances de massage G5 n\u00e9cessaires d\u00e9pend des objectifs de la personne et de la taille de la zone \u00e0 traiter. La plupart des patients constatent des am\u00e9liorations visibles apr\u00e8s 6 \u00e0 10 s\u00e9ances, mais une cure compl\u00e8te de 10 \u00e0 15 s\u00e9ances est g\u00e9n\u00e9ralement recommand\u00e9e pour des r\u00e9sultats optimaux. Les s\u00e9ances sont g\u00e9n\u00e9ralement programm\u00e9es 1 \u00e0 2 fois par semaine. Pour le maintien, des s\u00e9ances de suivi tous les quelques mois peuvent \u00eatre recommand\u00e9es pour prolonger les r\u00e9sultats.<\/p><p><strong>Soins Post-Traitement et R\u00e9cup\u00e9ration<\/strong><\/p><p>Apr\u00e8s le traitement de massage G5, vous pouvez ressentir une l\u00e9g\u00e8re rougeur ou une sensibilit\u00e9 dans les zones trait\u00e9es, mais ces effets disparaissent g\u00e9n\u00e9ralement en quelques heures. Il est important de rester hydrat\u00e9 en buvant beaucoup d&#8217;eau apr\u00e8s la s\u00e9ance, car cela aide \u00e0 \u00e9liminer les toxines et les cellules graisseuses d\u00e9compos\u00e9es. Une activit\u00e9 physique l\u00e9g\u00e8re, comme la marche, est \u00e9galement recommand\u00e9e pour stimuler le syst\u00e8me lymphatique. Le massage G5 ne n\u00e9cessite aucun temps de r\u00e9cup\u00e9ration, et vous pouvez reprendre vos activit\u00e9s normales imm\u00e9diatement apr\u00e8s le traitement.<\/p><p><strong>R\u00e9sultats \u00e0 Long Terme et Attentes<\/strong><\/p><p>Bien que le massage G5 puisse entra\u00eener un amincissement et une tonification notables dans les zones trait\u00e9es, le maintien des r\u00e9sultats n\u00e9cessite un mode de vie sain, incluant une alimentation \u00e9quilibr\u00e9e et de l&#8217;exercice r\u00e9gulier. Le traitement aide \u00e0 r\u00e9duire l\u2019apparence de la cellulite, am\u00e9liore la texture de la peau et rehausse les contours du corps, mais pour des effets durables, des s\u00e9ances d&#8217;entretien r\u00e9guli\u00e8res et une approche globale du bien-\u00eatre sont conseill\u00e9es.<\/p>\t\t\t\t\t\t<\/div>\n\t\t\t\t<\/div>\n\t\t\t\t\t<\/div>\n\t\t<\/div>\n\t\t\t\t\t<\/div>\n\t\t<\/section>\n\t\t\t\t<section class=\"elementor-section elementor-top-section elementor-element elementor-element-457cd389 elementor-section-boxed elementor-section-height-default elementor-section-height-default wpr-particle-no wpr-jarallax-no wpr-parallax-no wpr-sticky-section-no\" data-id=\"457cd389\" data-element_type=\"section\" id=\"sss\" data-settings=\"{&quot;background_background&quot;:&quot;classic&quot;}\">\n\t\t\t\t\t\t<div class=\"elementor-container elementor-column-gap-default\">\n\t\t\t\t\t<div class=\"elementor-column elementor-col-100 elementor-top-column elementor-element elementor-element-9ef7e21\" data-id=\"9ef7e21\" data-element_type=\"column\">\n\t\t\t<div class=\"elementor-widget-wrap elementor-element-populated\">\n\t\t\t\t\t\t<section class=\"elementor-section elementor-inner-section elementor-element elementor-element-37d8843 elementor-section-boxed elementor-section-height-default elementor-section-height-default wpr-particle-no wpr-jarallax-no wpr-parallax-no wpr-sticky-section-no\" data-id=\"37d8843\" data-element_type=\"section\">\n\t\t\t\t\t\t<div class=\"elementor-container elementor-column-gap-default\">\n\t\t\t\t\t<div class=\"elementor-column elementor-col-50 elementor-inner-column elementor-element elementor-element-2e9b1d59\" data-id=\"2e9b1d59\" data-element_type=\"column\">\n\t\t\t<div class=\"elementor-widget-wrap elementor-element-populated\">\n\t\t\t\t\t\t<div class=\"elementor-element elementor-element-6f8a09bf elementor-widget elementor-widget-image\" data-id=\"6f8a09bf\" data-element_type=\"widget\" data-widget_type=\"image.default\">\n\t\t\t\t<div class=\"elementor-widget-container\">\n\t\t\t<style>\/*! elementor - v3.20.0 - 20-03-2024 *\/\n.elementor-widget-image{text-align:center}.elementor-widget-image a{display:inline-block}.elementor-widget-image a img[src$=\".svg\"]{width:48px}.elementor-widget-image img{vertical-align:middle;display:inline-block}<\/style>\t\t\t\t\t\t\t\t\t\t<img fetchpriority=\"high\" decoding=\"async\" width=\"690\" height=\"640\" src=\"https:\/\/megapolhospital.com.tr\/fr\/wp-content\/uploads\/2024\/10\/g5-masaji-bolgesel-incelme-1.jpg\" class=\"attachment-full size-full wp-image-20043\" alt=\"\" srcset=\"https:\/\/megapolhospital.com.tr\/fr\/wp-content\/uploads\/2024\/10\/g5-masaji-bolgesel-incelme-1.jpg 690w,  https:\/\/megapolhospital.com.tr\/fr\/wp-content\/uploads\/2024\/10\/g5-masaji-bolgesel-incelme-1-300x278.jpg 300w\" sizes=\"(max-width: 690px) 100vw, 690px\" \/>\t\t\t\t\t\t\t\t\t\t\t\t\t<\/div>\n\t\t\t\t<\/div>\n\t\t\t\t\t<\/div>\n\t\t<\/div>\n\t\t\t\t<div class=\"elementor-column elementor-col-50 elementor-inner-column elementor-element elementor-element-6ea45262\" data-id=\"6ea45262\" data-element_type=\"column\">\n\t\t\t<div class=\"elementor-widget-wrap elementor-element-populated\">\n\t\t\t\t\t\t<div class=\"elementor-element elementor-element-b377a0e elementor-widget elementor-widget-heading\" data-id=\"b377a0e\" data-element_type=\"widget\" data-widget_type=\"heading.default\">\n\t\t\t\t<div class=\"elementor-widget-container\">\n\t\t\t<div class=\"elementor-heading-title elementor-size-default\">QUESTIONS FR\u00c9QUEMMENT POS\u00c9ES<\/div>\t\t<\/div>\n\t\t\t\t<\/div>\n\t\t\t\t<div class=\"elementor-element elementor-element-6b1608d1 elementor-widget elementor-widget-spacer\" data-id=\"6b1608d1\" data-element_type=\"widget\" data-widget_type=\"spacer.default\">\n\t\t\t\t<div class=\"elementor-widget-container\">\n\t\t\t\t\t<div class=\"elementor-spacer\">\n\t\t\t<div class=\"elementor-spacer-inner\"><\/div>\n\t\t<\/div>\n\t\t\t\t<\/div>\n\t\t\t\t<\/div>\n\t\t\t\t<div class=\"elementor-element elementor-element-717b9c92 elementor-widget__width-initial elementor-widget elementor-widget-ld_accordion\" data-id=\"717b9c92\" data-element_type=\"widget\" data-widget_type=\"ld_accordion.default\">\n\t\t\t\t<div class=\"elementor-widget-container\">\n\t\t\t\n\t\t<div class=\"accordion accordion-sm accordion-side-spacing accordion-title-bg-transparent accordion-expander-left accordion-active-has-fill\" id=\"accordion-6a05e9e71cfc4\" role=\"tablist\" aria-multiselectable=\"true\">\n\t\t\t\t\t\t\t\t\t\t\t\t<div class=\"accordion-item panel  active\">\n\n\t\t\t\t<div class=\"accordion-heading\" role=\"tab\" id=\"heading-1901\">\n\t\t\t\t<h4 class=\"accordion-title  tabindex=\"-1\">\t\t\t\t\t<a class=\"\" role=\"button\" data-toggle=\"collapse\" data-bs-toggle=\"collapse\"\n                    tabindex=\"0\"\n\t\t\t\t\tdata-parent=\"#accordion-6a05e9e71cfc4\" data-bs-parent=\"#accordion-6a05e9e71cfc4\" href=\"#collapse-1901\" data-target=\"#collapse-1901\" data-bs-target=\"#collapse-1901\"\n\t\t\t\t\taria-expanded=\"true\" aria-controls=\"collapse-1901\">\n\t\t\t\t\t\t\t\t\t\t\t\t\t<span class=\"accordion-expander\"><i class=\"lqd-icn-ess icon-ion-ios-arrow-down\"><\/i><i class=\"lqd-icn-ess icon-ion-ios-arrow-up\"><\/i><\/span>\t\t\t\t\t\t\t\t\t\t\t\t<span class=\"accordion-title-txt\">Qu'est-ce que le massage G5 pour l'amincissement r\u00e9gional ?<\/span>\n\t\t\t\t\t\t\t\t\t\t\t<\/a>\n\t\t\t\t<\/h4>\t\t\t\t<\/div>\n\n\t\t\t\t<div id=\"collapse-1901\" class=\"accordion-collapse collapse  show\" data-bs-parent=\"#accordion-6a05e9e71cfc4\" role=\"tabpanel\" aria-labelledby=\"heading-1901\">\n\n\t\t\t\t<div class=\"accordion-content\">\n\t\t\t\t\t<p>Le massage G5 est un traitement non invasif qui utilise des vibrations m\u00e9caniques pour briser les cellules graisseuses, r\u00e9duire la cellulite et am\u00e9liorer les contours du corps dans des zones sp\u00e9cifiques, ce qui permet d'obtenir une apparence plus mince.<\/p>\t\t\t\t<\/div>\n\n\t\t\t\t<\/div>\n\n\t\t\t<\/div>\n\t\t\t\t\t\t\t\t\t<div class=\"accordion-item panel\">\n\n\t\t\t\t<div class=\"accordion-heading\" role=\"tab\" id=\"heading-1902\">\n\t\t\t\t<h4 class=\"accordion-title  tabindex=\"-1\">\t\t\t\t\t<a class=\"collapsed\" role=\"button\" data-toggle=\"collapse\" data-bs-toggle=\"collapse\"\n                    tabindex=\"0\"\n\t\t\t\t\tdata-parent=\"#accordion-6a05e9e71cfc4\" data-bs-parent=\"#accordion-6a05e9e71cfc4\" href=\"#collapse-1902\" data-target=\"#collapse-1902\" data-bs-target=\"#collapse-1902\"\n\t\t\t\t\taria-expanded=\"false\" aria-controls=\"collapse-1902\">\n\t\t\t\t\t\t\t\t\t\t\t\t\t<span class=\"accordion-expander\"><i class=\"lqd-icn-ess icon-ion-ios-arrow-down\"><\/i><i class=\"lqd-icn-ess icon-ion-ios-arrow-up\"><\/i><\/span>\t\t\t\t\t\t\t\t\t\t\t\t<span class=\"accordion-title-txt\">Combien de s\u00e9ances sont n\u00e9cessaires pour obtenir des r\u00e9sultats ?<\/span>\n\t\t\t\t\t\t\t\t\t\t\t<\/a>\n\t\t\t\t<\/h4>\t\t\t\t<\/div>\n\n\t\t\t\t<div id=\"collapse-1902\" class=\"accordion-collapse collapse\" data-bs-parent=\"#accordion-6a05e9e71cfc4\" role=\"tabpanel\" aria-labelledby=\"heading-1902\">\n\n\t\t\t\t<div class=\"accordion-content\">\n\t\t\t\t\t<p>La plupart des gens commencent \u00e0 remarquer des am\u00e9liorations visibles apr\u00e8s 6 \u00e0 10 s\u00e9ances, bien qu'un cycle complet de 10 \u00e0 15 s\u00e9ances soit souvent recommand\u00e9 pour obtenir des r\u00e9sultats optimaux. Les s\u00e9ances sont g\u00e9n\u00e9ralement espac\u00e9es de 1 \u00e0 2 fois par semaine.<\/p>\t\t\t\t<\/div>\n\n\t\t\t\t<\/div>\n\n\t\t\t<\/div>\n\t\t\t\t\t\t\t\t\t<div class=\"accordion-item panel\">\n\n\t\t\t\t<div class=\"accordion-heading\" role=\"tab\" id=\"heading-1903\">\n\t\t\t\t<h4 class=\"accordion-title  tabindex=\"-1\">\t\t\t\t\t<a class=\"collapsed\" role=\"button\" data-toggle=\"collapse\" data-bs-toggle=\"collapse\"\n                    tabindex=\"0\"\n\t\t\t\t\tdata-parent=\"#accordion-6a05e9e71cfc4\" data-bs-parent=\"#accordion-6a05e9e71cfc4\" href=\"#collapse-1903\" data-target=\"#collapse-1903\" data-bs-target=\"#collapse-1903\"\n\t\t\t\t\taria-expanded=\"false\" aria-controls=\"collapse-1903\">\n\t\t\t\t\t\t\t\t\t\t\t\t\t<span class=\"accordion-expander\"><i class=\"lqd-icn-ess icon-ion-ios-arrow-down\"><\/i><i class=\"lqd-icn-ess icon-ion-ios-arrow-up\"><\/i><\/span>\t\t\t\t\t\t\t\t\t\t\t\t<span class=\"accordion-title-txt\">La couleur du pigment changera-t-elle avec le temps ?<\/span>\n\t\t\t\t\t\t\t\t\t\t\t<\/a>\n\t\t\t\t<\/h4>\t\t\t\t<\/div>\n\n\t\t\t\t<div id=\"collapse-1903\" class=\"accordion-collapse collapse\" data-bs-parent=\"#accordion-6a05e9e71cfc4\" role=\"tabpanel\" aria-labelledby=\"heading-1903\">\n\n\t\t\t\t<div class=\"accordion-content\">\n\t\t\t\t\t<p>Oui, la couleur s'estompe progressivement avec le temps, devenant plus claire au fur et \u00e0 mesure que les pigments sont absorb\u00e9s par la peau. Au d\u00e9but, le pigment peut sembler plus fonc\u00e9, mais il s'adoucit \u00e0 mesure que la peau gu\u00e9rit. Des retouches r\u00e9guli\u00e8res peuvent aider \u00e0 maintenir la couleur.<\/p>\t\t\t\t<\/div>\n\n\t\t\t\t<\/div>\n\n\t\t\t<\/div>\n\t\t\t\t\t\t\n\t\t<\/div>\n\n\t\t\t\t<\/div>\n\t\t\t\t<\/div>\n\t\t\t\t\t<\/div>\n\t\t<\/div>\n\t\t\t\t\t<\/div>\n\t\t<\/section>\n\t\t\t\t\t<\/div>\n\t\t<\/div>\n\t\t\t\t\t<\/div>\n\t\t<\/section>\n\t\t\t\t<\/div>","protected":false},"excerpt":{"rendered":"<p>CONTENU DU TRAITEMENT FAQ CONTENU DU TRAITEMENT Le massage G5 est une technique de massage sp\u00e9cialis\u00e9e utilis\u00e9e pour la r\u00e9duction cibl\u00e9e des graisses et le traitement de la cellulite. La machine G5 utilise des vibrations m\u00e9caniques \u00e0 haute fr\u00e9quence qui p\u00e9n\u00e8trent profond\u00e9ment dans la peau et les tissus, d\u00e9composant les cellules graisseuses, am\u00e9liorant la circulation [&hellip;]<\/p>","protected":false},"author":1,"featured_media":0,"parent":19901,"menu_order":0,"comment_status":"closed","ping_status":"closed","template":"","meta":{"_lmt_disableupdate":"","_lmt_disable":"","footnotes":""},"class_list":["post-20040","page","type-page","status-publish","hentry"],"aioseo_notices":[],"_links":{"self":[{"href":"https:\/\/megapolhospital.com.tr\/fr\/wp-json\/wp\/v2\/pages\/20040","targetHints":{"allow":["GET"]}}],"collection":[{"href":"https:\/\/megapolhospital.com.tr\/fr\/wp-json\/wp\/v2\/pages"}],"about":[{"href":"https:\/\/megapolhospital.com.tr\/fr\/wp-json\/wp\/v2\/types\/page"}],"author":[{"embeddable":true,"href":"https:\/\/megapolhospital.com.tr\/fr\/wp-json\/wp\/v2\/users\/1"}],"replies":[{"embeddable":true,"href":"https:\/\/megapolhospital.com.tr\/fr\/wp-json\/wp\/v2\/comments?post=20040"}],"version-history":[{"count":14,"href":"https:\/\/megapolhospital.com.tr\/fr\/wp-json\/wp\/v2\/pages\/20040\/revisions"}],"predecessor-version":[{"id":20941,"href":"https:\/\/megapolhospital.com.tr\/fr\/wp-json\/wp\/v2\/pages\/20040\/revisions\/20941"}],"up":[{"embeddable":true,"href":"https:\/\/megapolhospital.com.tr\/fr\/wp-json\/wp\/v2\/pages\/19901"}],"wp:attachment":[{"href":"https:\/\/megapolhospital.com.tr\/fr\/wp-json\/wp\/v2\/media?parent=20040"}],"curies":[{"name":"wp","href":"https:\/\/api.w.org\/{rel}","templated":true}]}}